{"id":22,"date":"2020-01-14T17:11:47","date_gmt":"2020-01-14T16:11:47","guid":{"rendered":"http:\/\/nathalie-valette-baudonnat.fr\/?page_id=22"},"modified":"2020-01-14T17:11:47","modified_gmt":"2020-01-14T16:11:47","slug":"mentions-legales","status":"publish","type":"page","link":"https:\/\/nathalie-valette-baudonnat.fr\/index.php\/mentions-legales\/","title":{"rendered":"Mentions l\u00e9gales"},"content":{"rendered":"\n<h3 class=\"wp-block-heading\">1. Pr\u00e9sentation du site.<\/h3>\n\n\n\n<p>En vertu de l&#8217;article 6 de la loi n\u00b0  2004-575 du 21 juin 2004 pour la confiance dans l&#8217;\u00e9conomie num\u00e9rique,  il est pr\u00e9cis\u00e9 aux utilisateurs du site <a href=\"http:\/\/papier-ciseaux.fr\">p<\/a>l&#8217;identit\u00e9 des diff\u00e9rents intervenants dans le cadre de sa r\u00e9alisation et de son suivi :<\/p>\n\n\n\n<p><strong>Propri\u00e9taire<\/strong> : Nathalie Valette<br><strong>Contact du propri\u00e9taire<\/strong> : nathalie.valette3@orange.fr<br><strong>H\u00e9bergeur<\/strong> : OVH SAS \u2013 2 rue Kellermann \u2013 BP 80157 59053 ROUBAIX CEDEX 1<br><strong>Contact de l&#8217;h\u00e9bergeur<\/strong> : 09 72 10 10 07<br><\/p>\n\n\n\n<h3 class=\"wp-block-heading\">2. Conditions g\u00e9n\u00e9rales d\u2019utilisation du site et des services propos\u00e9s.<\/h3>\n\n\n\n<p>L\u2019utilisation du site implique l\u2019acceptation pleine et enti\u00e8re des conditions g\u00e9n\u00e9rales  d\u2019utilisation ci-apr\u00e8s d\u00e9crites. Ces conditions d\u2019utilisation sont  susceptibles d\u2019\u00eatre modifi\u00e9es ou compl\u00e9t\u00e9es \u00e0 tout moment, les  utilisateurs du site sont donc invit\u00e9s \u00e0 les consulter de mani\u00e8re r\u00e9guli\u00e8re.<\/p>\n\n\n\n<p>Ce  site est normalement accessible \u00e0 tout moment aux utilisateurs. Une  interruption pour raison de maintenance technique peut \u00eatre toutefois  d\u00e9cid\u00e9e par Nathalie Valette , qui s\u2019efforcera alors de communiquer  pr\u00e9alablement aux utilisateurs les dates et heures de l\u2019intervention.<\/p>\n\n\n\n<p>Le site est mis \u00e0 jour r\u00e9guli\u00e8rement par Nathalie Valette. De la m\u00eame fa\u00e7on, les  mentions l\u00e9gales peuvent \u00eatre modifi\u00e9es \u00e0 tout moment : elles s\u2019imposent  n\u00e9anmoins \u00e0 l\u2019utilisateur qui est invit\u00e9 \u00e0 s\u2019y r\u00e9f\u00e9rer le plus souvent  possible afin d\u2019en prendre connaissance.<\/p>\n\n\n\n<h3 class=\"wp-block-heading\">3. Limitations contractuelles sur les donn\u00e9es techniques.<\/h3>\n\n\n\n<p>Le site utilise la technologie JavaScript.<\/p>\n\n\n\n<p>Le\n site Internet ne pourra \u00eatre tenu responsable de dommages mat\u00e9riels \nli\u00e9s \u00e0 l\u2019utilisation du site. De plus, l\u2019utilisateur du site s\u2019engage \u00e0 \nacc\u00e9der au site en utilisant un mat\u00e9riel r\u00e9cent, ne contenant pas de \nvirus et avec un navigateur de derni\u00e8re g\u00e9n\u00e9ration mis-\u00e0-jour<\/p>\n\n\n\n<h3 class=\"wp-block-heading\">4. Propri\u00e9t\u00e9 intellectuelle et contrefa\u00e7ons.<\/h3>\n\n\n\n<p>Nathalie Valette est propri\u00e9taire des droits de propri\u00e9t\u00e9 intellectuelle ou  d\u00e9tient les droits d\u2019usage sur tous les \u00e9l\u00e9ments accessibles sur le  site, notamment les textes, images, graphismes, logo, ic\u00f4nes, sons,  logiciels.<\/p>\n\n\n\n<p>Toute reproduction, repr\u00e9sentation, modification,  publication, adaptation de tout ou partie des \u00e9l\u00e9ments du site, quel que  soit le moyen ou le proc\u00e9d\u00e9 utilis\u00e9, est interdite, sauf autorisation  \u00e9crite pr\u00e9alable de : Nathalie Valette.<\/p>\n\n\n\n<p>Toute exploitation non \nautoris\u00e9e du site ou de l\u2019un quelconque des \u00e9l\u00e9ments qu\u2019il contient sera\n consid\u00e9r\u00e9e comme constitutive d\u2019une contrefa\u00e7on et poursuivie \nconform\u00e9ment aux dispositions des articles L.335-2 et suivants du Code \nde Propri\u00e9t\u00e9 Intellectuelle.<\/p>\n","protected":false},"excerpt":{"rendered":"<p>1. Pr\u00e9sentation du site. En vertu de l&#8217;article 6 de la loi n\u00b0 2004-575 du 21 juin 2004 pour la confiance dans l&#8217;\u00e9conomie num\u00e9rique, il est pr\u00e9cis\u00e9 aux utilisateurs du site pl&#8217;identit\u00e9 des diff\u00e9rents intervenants dans le cadre de sa r\u00e9alisation et de son suivi : Propri\u00e9taire : Nathalie ValetteContact du propri\u00e9taire : nathalie.valette3@orange.frH\u00e9bergeur : [&hellip;]<\/p>\n","protected":false},"author":1,"featured_media":0,"parent":0,"menu_order":0,"comment_status":"closed","ping_status":"closed","template":"","meta":{"footnotes":""},"class_list":["post-22","page","type-page","status-publish","hentry"],"_links":{"self":[{"href":"https:\/\/nathalie-valette-baudonnat.fr\/index.php\/wp-json\/wp\/v2\/pages\/22","targetHints":{"allow":["GET"]}}],"collection":[{"href":"https:\/\/nathalie-valette-baudonnat.fr\/index.php\/wp-json\/wp\/v2\/pages"}],"about":[{"href":"https:\/\/nathalie-valette-baudonnat.fr\/index.php\/wp-json\/wp\/v2\/types\/page"}],"author":[{"embeddable":true,"href":"https:\/\/nathalie-valette-baudonnat.fr\/index.php\/wp-json\/wp\/v2\/users\/1"}],"replies":[{"embeddable":true,"href":"https:\/\/nathalie-valette-baudonnat.fr\/index.php\/wp-json\/wp\/v2\/comments?post=22"}],"version-history":[{"count":1,"href":"https:\/\/nathalie-valette-baudonnat.fr\/index.php\/wp-json\/wp\/v2\/pages\/22\/revisions"}],"predecessor-version":[{"id":25,"href":"https:\/\/nathalie-valette-baudonnat.fr\/index.php\/wp-json\/wp\/v2\/pages\/22\/revisions\/25"}],"wp:attachment":[{"href":"https:\/\/nathalie-valette-baudonnat.fr\/index.php\/wp-json\/wp\/v2\/media?parent=22"}],"curies":[{"name":"wp","href":"https:\/\/api.w.org\/{rel}","templated":true}]}}